{"id":124,"date":"2025-03-03T17:23:05","date_gmt":"2025-03-03T16:23:05","guid":{"rendered":"https:\/\/www.veterinairemolenbeek.be\/?page_id=124"},"modified":"2026-03-10T21:29:35","modified_gmt":"2026-03-10T20:29:35","slug":"notre-equipe","status":"publish","type":"page","link":"https:\/\/www.veterinairemolenbeek.be\/index.php\/notre-equipe\/","title":{"rendered":"Qui suis-je"},"content":{"rendered":"\t\t<div data-elementor-type=\"wp-page\" data-elementor-id=\"124\" class=\"elementor elementor-124\">\n\t\t\t\t<div class=\"elementor-element elementor-element-1f4d3b7 e-flex e-con-boxed e-con e-parent\" data-id=\"1f4d3b7\" data-element_type=\"container\">\n\t\t\t\t\t<div class=\"e-con-inner\">\n\t\t\t\t\t<\/div>\n\t\t\t\t<\/div>\n\t\t<div class=\"elementor-element elementor-element-d6e84d4 e-grid e-con-boxed e-con e-parent\" data-id=\"d6e84d4\" data-element_type=\"container\">\n\t\t\t\t\t<div class=\"e-con-inner\">\n\t\t<div class=\"elementor-element elementor-element-cb94fcb e-con-full e-flex e-con e-child\" data-id=\"cb94fcb\" data-element_type=\"container\">\n\t\t\t\t<div class=\"elementor-element elementor-element-29b998a elementor-widget elementor-widget-heading\" data-id=\"29b998a\" data-element_type=\"widget\" data-widget_type=\"heading.default\">\n\t\t\t\t<div class=\"elementor-widget-container\">\n\t\t\t\t\t<h2 class=\"elementor-heading-title elementor-size-default\">Dr Muriel Van den Borre<\/h2>\t\t\t\t<\/div>\n\t\t\t\t<\/div>\n\t\t\t\t<div class=\"elementor-element elementor-element-496af67 elementor-widget elementor-widget-text-editor\" data-id=\"496af67\" data-element_type=\"widget\" data-widget_type=\"text-editor.default\">\n\t\t\t\t<div class=\"elementor-widget-container\">\n\t\t\t\t\t\t\t\t\t<p><span data-olk-copy-source=\"MessageBody\">Docteur en m\u00e9decine v\u00e9t\u00e9rinaire dipl\u00f4m\u00e9e de l\u2019Universit\u00e9 de Li\u00e8ge en 1995, je mets mon exp\u00e9rience et mon savoir-faire au service des animaux avec rigueur, bienveillance et engagement. Passionn\u00e9e par la m\u00e9decine interne, l\u2019\u00e9chographie et la chirurgie, je m\u2019investis pleinement dans chaque cas, en recherchant toujours le diagnostic le plus pr\u00e9cis et le traitement le plus adapt\u00e9. Je travaille avec amour et dans une ambiance familiale, o\u00f9 le respect du bien-\u00eatre animal est une priorit\u00e9 absolue. Chaque patient est unique, et j\u2019accorde une grande importance \u00e0 l\u2019\u00e9coute des propri\u00e9taires afin de leur offrir des conseils personnalis\u00e9s et un accompagnement sur mesure. On me d\u00e9crit comme m\u00e9ticuleuse, pers\u00e9v\u00e9rante et obstin\u00e9e, des qualit\u00e9s qui me poussent \u00e0 ne jamais baisser les bras face aux d\u00e9fis m\u00e9dicaux. S\u00e9rieuse et impliqu\u00e9e dans mon travail, j\u2019aime aussi apporter une touche d\u2019humour au quotidien, car je suis convaincue qu\u2019un sourire et une bonne dose de bonne humeur sont essentiels pour cr\u00e9er une relation de confiance avec les propri\u00e9taires et d\u00e9tendre les patients \u00e0 quatre pattes.<\/span><\/p>\t\t\t\t\t\t\t\t<\/div>\n\t\t\t\t<\/div>\n\t\t\t\t<\/div>\n\t\t\t\t<div class=\"elementor-element elementor-element-5e23c47 elementor-widget elementor-widget-image\" data-id=\"5e23c47\" data-element_type=\"widget\" data-widget_type=\"image.default\">\n\t\t\t\t<div class=\"elementor-widget-container\">\n\t\t\t\t\t\t\t\t\t\t\t\t\t\t\t<img fetchpriority=\"high\" decoding=\"async\" width=\"419\" height=\"630\" src=\"https:\/\/www.veterinairemolenbeek.be\/wp-content\/uploads\/2025\/03\/muriel-site.jpg\" class=\"attachment-large size-large wp-image-130\" alt=\"\" srcset=\"https:\/\/www.veterinairemolenbeek.be\/wp-content\/uploads\/2025\/03\/muriel-site.jpg 419w, https:\/\/www.veterinairemolenbeek.be\/wp-content\/uploads\/2025\/03\/muriel-site-200x300.jpg 200w\" sizes=\"(max-width: 419px) 100vw, 419px\" \/>\t\t\t\t\t\t\t\t\t\t\t\t\t\t\t<\/div>\n\t\t\t\t<\/div>\n\t\t\t\t\t<\/div>\n\t\t\t\t<\/div>\n\t\t<div class=\"elementor-element elementor-element-4a16dc5 e-flex e-con-boxed e-con e-parent\" data-id=\"4a16dc5\" data-element_type=\"container\">\n\t\t\t\t\t<div class=\"e-con-inner\">\n\t\t\t\t<div class=\"elementor-element elementor-element-e3e3671 elementor-widget elementor-widget-spacer\" data-id=\"e3e3671\" data-element_type=\"widget\" data-widget_type=\"spacer.default\">\n\t\t\t\t<div class=\"elementor-widget-container\">\n\t\t\t\t\t\t\t<div class=\"elementor-spacer\">\n\t\t\t<div class=\"elementor-spacer-inner\"><\/div>\n\t\t<\/div>\n\t\t\t\t\t\t<\/div>\n\t\t\t\t<\/div>\n\t\t\t\t\t<\/div>\n\t\t\t\t<\/div>\n\t\t\t\t<\/div>\n\t\t","protected":false},"excerpt":{"rendered":"<p>Dr Muriel Van den Borre Docteur en m\u00e9decine v\u00e9t\u00e9rinaire dipl\u00f4m\u00e9e de l\u2019Universit\u00e9 de Li\u00e8ge en 1995, je mets mon exp\u00e9rience et mon savoir-faire au service des animaux avec rigueur, bienveillance et engagement. Passionn\u00e9e par la m\u00e9decine interne, l\u2019\u00e9chographie et la chirurgie, je m\u2019investis pleinement dans chaque cas, en recherchant toujours le diagnostic le plus pr\u00e9cis [&hellip;]<\/p>\n","protected":false},"author":1,"featured_media":0,"parent":0,"menu_order":0,"comment_status":"closed","ping_status":"closed","template":"","meta":{"footnotes":""},"class_list":["post-124","page","type-page","status-publish","hentry","entry"],"yoast_head":"<!-- This site is optimized with the Yoast SEO plugin v24.8.1 - https:\/\/yoast.com\/wordpress\/plugins\/seo\/ -->\n<title>Qui suis-je - V\u00e9terinaire Molenbeek<\/title>\n<meta name=\"robots\" content=\"index, follow, max-snippet:-1, max-image-preview:large, max-video-preview:-1\" \/>\n<link rel=\"canonical\" href=\"https:\/\/www.veterinairemolenbeek.be\/index.php\/notre-equipe\/\" \/>\n<meta property=\"og:locale\" content=\"en_US\" \/>\n<meta property=\"og:type\" content=\"article\" \/>\n<meta property=\"og:title\" content=\"Qui suis-je - V\u00e9terinaire Molenbeek\" \/>\n<meta property=\"og:description\" content=\"Dr Muriel Van den Borre Docteur en m\u00e9decine v\u00e9t\u00e9rinaire dipl\u00f4m\u00e9e de l\u2019Universit\u00e9 de Li\u00e8ge en 1995, je mets mon exp\u00e9rience et mon savoir-faire au service des animaux avec rigueur, bienveillance et engagement. Passionn\u00e9e par la m\u00e9decine interne, l\u2019\u00e9chographie et la chirurgie, je m\u2019investis pleinement dans chaque cas, en recherchant toujours le diagnostic le plus pr\u00e9cis [&hellip;]\" \/>\n<meta property=\"og:url\" content=\"https:\/\/www.veterinairemolenbeek.be\/index.php\/notre-equipe\/\" \/>\n<meta property=\"og:site_name\" content=\"V\u00e9terinaire Molenbeek\" \/>\n<meta property=\"article:modified_time\" content=\"2026-03-10T20:29:35+00:00\" \/>\n<meta property=\"og:image\" content=\"http:\/\/www.veterinairemolenbeek.be\/wp-content\/uploads\/2025\/03\/muriel-site.jpg\" \/>\n<meta name=\"twitter:card\" content=\"summary_large_image\" \/>\n<meta name=\"twitter:label1\" content=\"Est. reading time\" \/>\n\t<meta name=\"twitter:data1\" content=\"2 minutes\" \/>\n<script type=\"application\/ld+json\" class=\"yoast-schema-graph\">{\"@context\":\"https:\/\/schema.org\",\"@graph\":[{\"@type\":\"WebPage\",\"@id\":\"https:\/\/www.veterinairemolenbeek.be\/index.php\/notre-equipe\/\",\"url\":\"https:\/\/www.veterinairemolenbeek.be\/index.php\/notre-equipe\/\",\"name\":\"Qui suis-je - V\u00e9terinaire Molenbeek\",\"isPartOf\":{\"@id\":\"http:\/\/www.veterinairemolenbeek.be\/#website\"},\"primaryImageOfPage\":{\"@id\":\"https:\/\/www.veterinairemolenbeek.be\/index.php\/notre-equipe\/#primaryimage\"},\"image\":{\"@id\":\"https:\/\/www.veterinairemolenbeek.be\/index.php\/notre-equipe\/#primaryimage\"},\"thumbnailUrl\":\"http:\/\/www.veterinairemolenbeek.be\/wp-content\/uploads\/2025\/03\/muriel-site.jpg\",\"datePublished\":\"2025-03-03T16:23:05+00:00\",\"dateModified\":\"2026-03-10T20:29:35+00:00\",\"breadcrumb\":{\"@id\":\"https:\/\/www.veterinairemolenbeek.be\/index.php\/notre-equipe\/#breadcrumb\"},\"inLanguage\":\"en-US\",\"potentialAction\":[{\"@type\":\"ReadAction\",\"target\":[\"https:\/\/www.veterinairemolenbeek.be\/index.php\/notre-equipe\/\"]}]},{\"@type\":\"ImageObject\",\"inLanguage\":\"en-US\",\"@id\":\"https:\/\/www.veterinairemolenbeek.be\/index.php\/notre-equipe\/#primaryimage\",\"url\":\"https:\/\/www.veterinairemolenbeek.be\/wp-content\/uploads\/2025\/03\/muriel-site.jpg\",\"contentUrl\":\"https:\/\/www.veterinairemolenbeek.be\/wp-content\/uploads\/2025\/03\/muriel-site.jpg\",\"width\":419,\"height\":630},{\"@type\":\"BreadcrumbList\",\"@id\":\"https:\/\/www.veterinairemolenbeek.be\/index.php\/notre-equipe\/#breadcrumb\",\"itemListElement\":[{\"@type\":\"ListItem\",\"position\":1,\"name\":\"Accueil\",\"item\":\"http:\/\/www.veterinairemolenbeek.be\/\"},{\"@type\":\"ListItem\",\"position\":2,\"name\":\"Qui suis-je\"}]},{\"@type\":\"WebSite\",\"@id\":\"http:\/\/www.veterinairemolenbeek.be\/#website\",\"url\":\"http:\/\/www.veterinairemolenbeek.be\/\",\"name\":\"V\u00e9terinaire Molenbeek\",\"description\":\"\",\"publisher\":{\"@id\":\"http:\/\/www.veterinairemolenbeek.be\/#organization\"},\"potentialAction\":[{\"@type\":\"SearchAction\",\"target\":{\"@type\":\"EntryPoint\",\"urlTemplate\":\"http:\/\/www.veterinairemolenbeek.be\/?s={search_term_string}\"},\"query-input\":{\"@type\":\"PropertyValueSpecification\",\"valueRequired\":true,\"valueName\":\"search_term_string\"}}],\"inLanguage\":\"en-US\"},{\"@type\":\"Organization\",\"@id\":\"http:\/\/www.veterinairemolenbeek.be\/#organization\",\"name\":\"V\u00e9terinaire Molenbeek\",\"url\":\"http:\/\/www.veterinairemolenbeek.be\/\",\"logo\":{\"@type\":\"ImageObject\",\"inLanguage\":\"en-US\",\"@id\":\"http:\/\/www.veterinairemolenbeek.be\/#\/schema\/logo\/image\/\",\"url\":\"https:\/\/www.veterinairemolenbeek.be\/wp-content\/uploads\/2025\/02\/Logo_vet_molem_6_optimized.png\",\"contentUrl\":\"https:\/\/www.veterinairemolenbeek.be\/wp-content\/uploads\/2025\/02\/Logo_vet_molem_6_optimized.png\",\"width\":179,\"height\":182,\"caption\":\"V\u00e9terinaire Molenbeek\"},\"image\":{\"@id\":\"http:\/\/www.veterinairemolenbeek.be\/#\/schema\/logo\/image\/\"}}]}<\/script>\n<!-- \/ Yoast SEO plugin. -->","yoast_head_json":{"title":"Qui suis-je - V\u00e9terinaire Molenbeek","robots":{"index":"index","follow":"follow","max-snippet":"max-snippet:-1","max-image-preview":"max-image-preview:large","max-video-preview":"max-video-preview:-1"},"canonical":"https:\/\/www.veterinairemolenbeek.be\/index.php\/notre-equipe\/","og_locale":"en_US","og_type":"article","og_title":"Qui suis-je - V\u00e9terinaire Molenbeek","og_description":"Dr Muriel Van den Borre Docteur en m\u00e9decine v\u00e9t\u00e9rinaire dipl\u00f4m\u00e9e de l\u2019Universit\u00e9 de Li\u00e8ge en 1995, je mets mon exp\u00e9rience et mon savoir-faire au service des animaux avec rigueur, bienveillance et engagement. Passionn\u00e9e par la m\u00e9decine interne, l\u2019\u00e9chographie et la chirurgie, je m\u2019investis pleinement dans chaque cas, en recherchant toujours le diagnostic le plus pr\u00e9cis [&hellip;]","og_url":"https:\/\/www.veterinairemolenbeek.be\/index.php\/notre-equipe\/","og_site_name":"V\u00e9terinaire Molenbeek","article_modified_time":"2026-03-10T20:29:35+00:00","og_image":[{"url":"http:\/\/www.veterinairemolenbeek.be\/wp-content\/uploads\/2025\/03\/muriel-site.jpg","type":"","width":"","height":""}],"twitter_card":"summary_large_image","twitter_misc":{"Est. reading time":"2 minutes"},"schema":{"@context":"https:\/\/schema.org","@graph":[{"@type":"WebPage","@id":"https:\/\/www.veterinairemolenbeek.be\/index.php\/notre-equipe\/","url":"https:\/\/www.veterinairemolenbeek.be\/index.php\/notre-equipe\/","name":"Qui suis-je - V\u00e9terinaire Molenbeek","isPartOf":{"@id":"http:\/\/www.veterinairemolenbeek.be\/#website"},"primaryImageOfPage":{"@id":"https:\/\/www.veterinairemolenbeek.be\/index.php\/notre-equipe\/#primaryimage"},"image":{"@id":"https:\/\/www.veterinairemolenbeek.be\/index.php\/notre-equipe\/#primaryimage"},"thumbnailUrl":"http:\/\/www.veterinairemolenbeek.be\/wp-content\/uploads\/2025\/03\/muriel-site.jpg","datePublished":"2025-03-03T16:23:05+00:00","dateModified":"2026-03-10T20:29:35+00:00","breadcrumb":{"@id":"https:\/\/www.veterinairemolenbeek.be\/index.php\/notre-equipe\/#breadcrumb"},"inLanguage":"en-US","potentialAction":[{"@type":"ReadAction","target":["https:\/\/www.veterinairemolenbeek.be\/index.php\/notre-equipe\/"]}]},{"@type":"ImageObject","inLanguage":"en-US","@id":"https:\/\/www.veterinairemolenbeek.be\/index.php\/notre-equipe\/#primaryimage","url":"https:\/\/www.veterinairemolenbeek.be\/wp-content\/uploads\/2025\/03\/muriel-site.jpg","contentUrl":"https:\/\/www.veterinairemolenbeek.be\/wp-content\/uploads\/2025\/03\/muriel-site.jpg","width":419,"height":630},{"@type":"BreadcrumbList","@id":"https:\/\/www.veterinairemolenbeek.be\/index.php\/notre-equipe\/#breadcrumb","itemListElement":[{"@type":"ListItem","position":1,"name":"Accueil","item":"http:\/\/www.veterinairemolenbeek.be\/"},{"@type":"ListItem","position":2,"name":"Qui suis-je"}]},{"@type":"WebSite","@id":"http:\/\/www.veterinairemolenbeek.be\/#website","url":"http:\/\/www.veterinairemolenbeek.be\/","name":"V\u00e9terinaire Molenbeek","description":"","publisher":{"@id":"http:\/\/www.veterinairemolenbeek.be\/#organization"},"potentialAction":[{"@type":"SearchAction","target":{"@type":"EntryPoint","urlTemplate":"http:\/\/www.veterinairemolenbeek.be\/?s={search_term_string}"},"query-input":{"@type":"PropertyValueSpecification","valueRequired":true,"valueName":"search_term_string"}}],"inLanguage":"en-US"},{"@type":"Organization","@id":"http:\/\/www.veterinairemolenbeek.be\/#organization","name":"V\u00e9terinaire Molenbeek","url":"http:\/\/www.veterinairemolenbeek.be\/","logo":{"@type":"ImageObject","inLanguage":"en-US","@id":"http:\/\/www.veterinairemolenbeek.be\/#\/schema\/logo\/image\/","url":"https:\/\/www.veterinairemolenbeek.be\/wp-content\/uploads\/2025\/02\/Logo_vet_molem_6_optimized.png","contentUrl":"https:\/\/www.veterinairemolenbeek.be\/wp-content\/uploads\/2025\/02\/Logo_vet_molem_6_optimized.png","width":179,"height":182,"caption":"V\u00e9terinaire Molenbeek"},"image":{"@id":"http:\/\/www.veterinairemolenbeek.be\/#\/schema\/logo\/image\/"}}]}},"_links":{"self":[{"href":"https:\/\/www.veterinairemolenbeek.be\/index.php\/wp-json\/wp\/v2\/pages\/124","targetHints":{"allow":["GET"]}}],"collection":[{"href":"https:\/\/www.veterinairemolenbeek.be\/index.php\/wp-json\/wp\/v2\/pages"}],"about":[{"href":"https:\/\/www.veterinairemolenbeek.be\/index.php\/wp-json\/wp\/v2\/types\/page"}],"author":[{"embeddable":true,"href":"https:\/\/www.veterinairemolenbeek.be\/index.php\/wp-json\/wp\/v2\/users\/1"}],"replies":[{"embeddable":true,"href":"https:\/\/www.veterinairemolenbeek.be\/index.php\/wp-json\/wp\/v2\/comments?post=124"}],"version-history":[{"count":16,"href":"https:\/\/www.veterinairemolenbeek.be\/index.php\/wp-json\/wp\/v2\/pages\/124\/revisions"}],"predecessor-version":[{"id":243,"href":"https:\/\/www.veterinairemolenbeek.be\/index.php\/wp-json\/wp\/v2\/pages\/124\/revisions\/243"}],"wp:attachment":[{"href":"https:\/\/www.veterinairemolenbeek.be\/index.php\/wp-json\/wp\/v2\/media?parent=124"}],"curies":[{"name":"wp","href":"https:\/\/api.w.org\/{rel}","templated":true}]}}